{"id":3167,"date":"2024-09-27T12:49:46","date_gmt":"2024-09-27T12:49:46","guid":{"rendered":"https:\/\/praxis-a-la-gare.ch\/mentions-legales\/"},"modified":"2024-11-12T04:51:26","modified_gmt":"2024-11-12T04:51:26","slug":"mentions-legales","status":"publish","type":"page","link":"https:\/\/praxis-a-la-gare.ch\/fr\/mentions-legales\/","title":{"rendered":"Mentions l\u00e9gales"},"content":{"rendered":"\t\t<div data-elementor-type=\"wp-page\" data-elementor-id=\"3167\" class=\"elementor elementor-3167 elementor-3160\">\n\t\t\t\t<div class=\"elementor-element elementor-element-50bd874 daten e-flex e-con-boxed e-con e-parent\" data-id=\"50bd874\" data-element_type=\"container\" data-e-type=\"container\" data-settings=\"{&quot;pix_scale_in&quot;:&quot;none&quot;}\">\n\t\t\t\t\t<div class=\"e-con-inner\">\n\t\t\t\t<div class=\"elementor-element elementor-element-4604afe impctntxt elementor-widget elementor-widget-text-editor\" data-id=\"4604afe\" data-element_type=\"widget\" data-e-type=\"widget\" data-widget_type=\"text-editor.default\">\n\t\t\t\t<div class=\"elementor-widget-container\">\n\t\t\t\t\t\t\t\t\t<h2 style=\"margin: 0 0 15px !important; padding: 0px !important;\">Instance responsable :<\/h2><p style=\"margin: 0 !important; padding: 0 !important; line-height: 1.3 !important;\">Praxis \u00e0 la Gare AG<\/p><p style=\"margin: 0!important; padding: 0 !important; line-height: 1.3 !important;\">Place de la gare 2<\/p><p style=\"margin: 0!important; padding: 0 !important; line-height: 1.3 !important;\">2502 Biel\/Bienne<\/p><p style=\"margin: 0 0 15px !important; padding: 0 !important; line-height: 1.3 !important;\">Suisse<\/p><p style=\"margin: 0 0 15px !important; padding: 0 !important; line-height: 1.3 !important;\"><strong>Courrier \u00e9lectronique :<\/strong><br \/><a class=\"frederik\" href=\"mailto:Frederik.Haubitz@szb-chb.ch\">Frederik.Haubitz@szb-chb.ch<\/a><\/p><p style=\"margin: 0 0 15px !important; padding: 0 !important; line-height: 1.3 !important;\"><strong>Num\u00e9ro de t\u00e9l\u00e9phone :<\/strong><br \/>032 329 55 00<\/p><p style=\"margin: 0 0 15px !important; padding: 0 !important; line-height: 1.3 !important;\"><strong>Personnes autoris\u00e9es \u00e0 repr\u00e9senter l&rsquo;entreprise :<\/strong><br \/>Haubitz Frederik<\/p><p style=\"margin: 0 0 15px !important; padding: 0 !important; line-height: 1.3 !important;\"><strong>Nom de la soci\u00e9t\u00e9 :<\/strong><br \/>Praxis \u00e0 la Gare AG<\/p><p style=\"margin: 0 0 15px !important; padding: 0 !important; line-height: 1.3 !important;\"><strong>Num\u00e9ro d&rsquo;enregistrement :<\/strong><br \/>CHE-116.344.612<\/p><p style=\"margin: 0 0 15px !important; padding: 0 !important; line-height: 1.3 !important;\"><strong>Num\u00e9ro d&rsquo;identification de la taxe sur le chiffre d&rsquo;affaires :<\/strong><br \/>CHE-116.344.612 TVA<\/p><h3 style=\"margin: 0px !important; padding: 0 !important; line-height: 1.3 !important;\">Clause de non-responsabilit\u00e9 :<\/h3><p style=\"margin: 0 0 15px !important; padding: 0 !important; line-height: 1.3 !important;\">L&rsquo;auteur n&rsquo;est pas responsable de la v\u00e9racit\u00e9, de l&rsquo;exactitude, de l&rsquo;actualit\u00e9, de la fiabilit\u00e9 et de l&rsquo;exhaustivit\u00e9 des informations contenues dans ce site. L&rsquo;auteur ne saurait \u00eatre tenu pour responsable des dommages mat\u00e9riels ou immat\u00e9riels qui pourraient \u00eatre caus\u00e9s par l&rsquo;acc\u00e8s aux informations diffus\u00e9es, leur utilisation ou leur non-utilisation, par le mauvais usage de la connexion ou par des probl\u00e8mes techniques. Toutes les offres sont sans engagement et non contractuelles. L&rsquo;auteur se r\u00e9serve express\u00e9ment le droit de modifier, de compl\u00e9ter ou de supprimer des parties de pages ou l&rsquo;ensemble de l&rsquo;offre sans avis s\u00e9par\u00e9, ou d&rsquo;en suspendre temporairement ou d\u00e9finitivement la publication.<\/p><h3 style=\"margin: 0px !important; padding: 0 !important; line-height: 1.3 !important;\">Clause de non-responsabilit\u00e9 concernant le contenu et les liens :<\/h3><p style=\"margin: 0 0 15px !important; padding: 0 !important; line-height: 1.3 !important;\">Les renvois et liens vers des sites web de tiers ne rel\u00e8vent pas de notre responsabilit\u00e9. Nous d\u00e9clinons toute responsabilit\u00e9 pour de tels sites. L&rsquo;acc\u00e8s \u00e0 ces sites et leur utilisation se font aux risques et p\u00e9rils de l&rsquo;utilisateur.<\/p><h3 style=\"margin: 0px !important; padding: 0 !important; line-height: 1.3 !important;\">D\u00e9claration de droits d&rsquo;auteur :<\/h3><p style=\"margin: 0 0 15px !important; padding: 0 !important; line-height: 1.3 !important;\">Les droits d&rsquo;auteur ainsi que tous les autres droits relatifs aux contenus, images, photos et autres fichiers pr\u00e9sents sur le site Internet appartiennent exclusivement \u00e0 Praxis \u00e0 la Gare SA ou aux titulaires de droits express\u00e9ment d\u00e9sign\u00e9s. La conception de ces informations a \u00e9t\u00e9 r\u00e9alis\u00e9e avec l&rsquo;aide du<a target=\"\" rel=\"\">g\u00e9n\u00e9rateur de mentions l\u00e9gales<\/a><br \/><a target=\"\" rel=\"\">dartera.<\/a><br \/>Toute forme de reproduction, d&rsquo;adaptation, de diffusion ou d&rsquo;exploitation en dehors des limites du droit d&rsquo;auteur requiert l&rsquo;accord \u00e9crit pr\u00e9alable du titulaire des droits concern\u00e9.<\/p>\t\t\t\t\t\t\t\t<\/div>\n\t\t\t\t<\/div>\n\t\t\t\t\t<\/div>\n\t\t\t\t<\/div>\n\t\t\t\t<\/div>\n\t\t","protected":false},"excerpt":{"rendered":"<p>Instance responsable : Praxis \u00e0 la Gare AG Place de la gare 2 2502 Biel\/Bienne Suisse Courrier \u00e9lectronique :Frederik.Haubitz@szb-chb.ch Num\u00e9ro de t\u00e9l\u00e9phone :032 329 55 00 Personnes autoris\u00e9es \u00e0 repr\u00e9senter l&rsquo;entreprise :Haubitz Frederik Nom de la soci\u00e9t\u00e9 :Praxis \u00e0 la&#8230;<\/p>\n","protected":false},"author":2,"featured_media":0,"parent":0,"menu_order":0,"comment_status":"closed","ping_status":"closed","template":"","meta":{"inline_featured_image":false,"footnotes":""},"class_list":["post-3167","page","type-page","status-publish","hentry"],"yoast_head":"<!-- This site is optimized with the Yoast SEO plugin v27.4 - https:\/\/yoast.com\/product\/yoast-seo-wordpress\/ -->\n<title>Mentions l\u00e9gales - Praxis \u00e0 la Gare<\/title>\n<meta name=\"robots\" content=\"noindex, nofollow\" \/>\n<meta property=\"og:locale\" content=\"fr_FR\" \/>\n<meta property=\"og:type\" content=\"article\" \/>\n<meta property=\"og:title\" content=\"Mentions l\u00e9gales - Praxis \u00e0 la Gare\" \/>\n<meta property=\"og:description\" content=\"Instance responsable : Praxis \u00e0 la Gare AG Place de la gare 2 2502 Biel\/Bienne Suisse Courrier \u00e9lectronique :Frederik.Haubitz@szb-chb.ch Num\u00e9ro de t\u00e9l\u00e9phone :032 329 55 00 Personnes autoris\u00e9es \u00e0 repr\u00e9senter l&rsquo;entreprise :Haubitz Frederik Nom de la soci\u00e9t\u00e9 :Praxis \u00e0 la...\" \/>\n<meta property=\"og:url\" content=\"https:\/\/praxis-a-la-gare.ch\/fr\/mentions-legales\/\" \/>\n<meta property=\"og:site_name\" content=\"Praxis \u00e0 la Gare\" \/>\n<meta property=\"article:modified_time\" content=\"2024-11-12T04:51:26+00:00\" \/>\n<meta name=\"twitter:card\" content=\"summary_large_image\" \/>\n<meta name=\"twitter:label1\" content=\"Dur\u00e9e de lecture estim\u00e9e\" \/>\n\t<meta name=\"twitter:data1\" content=\"2 minutes\" \/>\n<script type=\"application\/ld+json\" class=\"yoast-schema-graph\">{\"@context\":\"https:\\\/\\\/schema.org\",\"@graph\":[{\"@type\":\"WebPage\",\"@id\":\"https:\\\/\\\/praxis-a-la-gare.ch\\\/fr\\\/mentions-legales\\\/\",\"url\":\"https:\\\/\\\/praxis-a-la-gare.ch\\\/fr\\\/mentions-legales\\\/\",\"name\":\"Mentions l\u00e9gales - Praxis \u00e0 la Gare\",\"isPartOf\":{\"@id\":\"https:\\\/\\\/praxis-a-la-gare.ch\\\/fr\\\/#website\"},\"datePublished\":\"2024-09-27T12:49:46+00:00\",\"dateModified\":\"2024-11-12T04:51:26+00:00\",\"breadcrumb\":{\"@id\":\"https:\\\/\\\/praxis-a-la-gare.ch\\\/fr\\\/mentions-legales\\\/#breadcrumb\"},\"inLanguage\":\"fr-FR\",\"potentialAction\":[{\"@type\":\"ReadAction\",\"target\":[\"https:\\\/\\\/praxis-a-la-gare.ch\\\/fr\\\/mentions-legales\\\/\"]}]},{\"@type\":\"BreadcrumbList\",\"@id\":\"https:\\\/\\\/praxis-a-la-gare.ch\\\/fr\\\/mentions-legales\\\/#breadcrumb\",\"itemListElement\":[{\"@type\":\"ListItem\",\"position\":1,\"name\":\"Home\",\"item\":\"https:\\\/\\\/praxis-a-la-gare.ch\\\/fr\\\/praxis-a-la-gare\\\/\"},{\"@type\":\"ListItem\",\"position\":2,\"name\":\"Mentions l\u00e9gales\"}]},{\"@type\":\"WebSite\",\"@id\":\"https:\\\/\\\/praxis-a-la-gare.ch\\\/fr\\\/#website\",\"url\":\"https:\\\/\\\/praxis-a-la-gare.ch\\\/fr\\\/\",\"name\":\"Praxis \u00e0 la Gare\",\"description\":\"\",\"publisher\":{\"@id\":\"https:\\\/\\\/praxis-a-la-gare.ch\\\/fr\\\/#organization\"},\"potentialAction\":[{\"@type\":\"SearchAction\",\"target\":{\"@type\":\"EntryPoint\",\"urlTemplate\":\"https:\\\/\\\/praxis-a-la-gare.ch\\\/fr\\\/?s={search_term_string}\"},\"query-input\":{\"@type\":\"PropertyValueSpecification\",\"valueRequired\":true,\"valueName\":\"search_term_string\"}}],\"inLanguage\":\"fr-FR\"},{\"@type\":\"Organization\",\"@id\":\"https:\\\/\\\/praxis-a-la-gare.ch\\\/fr\\\/#organization\",\"name\":\"Praxis \u00e0 la Gare\",\"url\":\"https:\\\/\\\/praxis-a-la-gare.ch\\\/fr\\\/\",\"logo\":{\"@type\":\"ImageObject\",\"inLanguage\":\"fr-FR\",\"@id\":\"https:\\\/\\\/praxis-a-la-gare.ch\\\/fr\\\/#\\\/schema\\\/logo\\\/image\\\/\",\"url\":\"https:\\\/\\\/praxis-a-la-gare.ch\\\/wp-content\\\/uploads\\\/2024\\\/09\\\/PRAXIS-alagare_logo.svg\",\"contentUrl\":\"https:\\\/\\\/praxis-a-la-gare.ch\\\/wp-content\\\/uploads\\\/2024\\\/09\\\/PRAXIS-alagare_logo.svg\",\"width\":109,\"height\":41,\"caption\":\"Praxis \u00e0 la Gare\"},\"image\":{\"@id\":\"https:\\\/\\\/praxis-a-la-gare.ch\\\/fr\\\/#\\\/schema\\\/logo\\\/image\\\/\"}}]}<\/script>\n<!-- \/ Yoast SEO plugin. -->","yoast_head_json":{"title":"Mentions l\u00e9gales - Praxis \u00e0 la Gare","robots":{"index":"noindex","follow":"nofollow"},"og_locale":"fr_FR","og_type":"article","og_title":"Mentions l\u00e9gales - Praxis \u00e0 la Gare","og_description":"Instance responsable : Praxis \u00e0 la Gare AG Place de la gare 2 2502 Biel\/Bienne Suisse Courrier \u00e9lectronique :Frederik.Haubitz@szb-chb.ch Num\u00e9ro de t\u00e9l\u00e9phone :032 329 55 00 Personnes autoris\u00e9es \u00e0 repr\u00e9senter l&rsquo;entreprise :Haubitz Frederik Nom de la soci\u00e9t\u00e9 :Praxis \u00e0 la...","og_url":"https:\/\/praxis-a-la-gare.ch\/fr\/mentions-legales\/","og_site_name":"Praxis \u00e0 la Gare","article_modified_time":"2024-11-12T04:51:26+00:00","twitter_card":"summary_large_image","twitter_misc":{"Dur\u00e9e de lecture estim\u00e9e":"2 minutes"},"schema":{"@context":"https:\/\/schema.org","@graph":[{"@type":"WebPage","@id":"https:\/\/praxis-a-la-gare.ch\/fr\/mentions-legales\/","url":"https:\/\/praxis-a-la-gare.ch\/fr\/mentions-legales\/","name":"Mentions l\u00e9gales - Praxis \u00e0 la Gare","isPartOf":{"@id":"https:\/\/praxis-a-la-gare.ch\/fr\/#website"},"datePublished":"2024-09-27T12:49:46+00:00","dateModified":"2024-11-12T04:51:26+00:00","breadcrumb":{"@id":"https:\/\/praxis-a-la-gare.ch\/fr\/mentions-legales\/#breadcrumb"},"inLanguage":"fr-FR","potentialAction":[{"@type":"ReadAction","target":["https:\/\/praxis-a-la-gare.ch\/fr\/mentions-legales\/"]}]},{"@type":"BreadcrumbList","@id":"https:\/\/praxis-a-la-gare.ch\/fr\/mentions-legales\/#breadcrumb","itemListElement":[{"@type":"ListItem","position":1,"name":"Home","item":"https:\/\/praxis-a-la-gare.ch\/fr\/praxis-a-la-gare\/"},{"@type":"ListItem","position":2,"name":"Mentions l\u00e9gales"}]},{"@type":"WebSite","@id":"https:\/\/praxis-a-la-gare.ch\/fr\/#website","url":"https:\/\/praxis-a-la-gare.ch\/fr\/","name":"Praxis \u00e0 la Gare","description":"","publisher":{"@id":"https:\/\/praxis-a-la-gare.ch\/fr\/#organization"},"potentialAction":[{"@type":"SearchAction","target":{"@type":"EntryPoint","urlTemplate":"https:\/\/praxis-a-la-gare.ch\/fr\/?s={search_term_string}"},"query-input":{"@type":"PropertyValueSpecification","valueRequired":true,"valueName":"search_term_string"}}],"inLanguage":"fr-FR"},{"@type":"Organization","@id":"https:\/\/praxis-a-la-gare.ch\/fr\/#organization","name":"Praxis \u00e0 la Gare","url":"https:\/\/praxis-a-la-gare.ch\/fr\/","logo":{"@type":"ImageObject","inLanguage":"fr-FR","@id":"https:\/\/praxis-a-la-gare.ch\/fr\/#\/schema\/logo\/image\/","url":"https:\/\/praxis-a-la-gare.ch\/wp-content\/uploads\/2024\/09\/PRAXIS-alagare_logo.svg","contentUrl":"https:\/\/praxis-a-la-gare.ch\/wp-content\/uploads\/2024\/09\/PRAXIS-alagare_logo.svg","width":109,"height":41,"caption":"Praxis \u00e0 la Gare"},"image":{"@id":"https:\/\/praxis-a-la-gare.ch\/fr\/#\/schema\/logo\/image\/"}}]}},"_links":{"self":[{"href":"https:\/\/praxis-a-la-gare.ch\/fr\/wp-json\/wp\/v2\/pages\/3167","targetHints":{"allow":["GET"]}}],"collection":[{"href":"https:\/\/praxis-a-la-gare.ch\/fr\/wp-json\/wp\/v2\/pages"}],"about":[{"href":"https:\/\/praxis-a-la-gare.ch\/fr\/wp-json\/wp\/v2\/types\/page"}],"author":[{"embeddable":true,"href":"https:\/\/praxis-a-la-gare.ch\/fr\/wp-json\/wp\/v2\/users\/2"}],"replies":[{"embeddable":true,"href":"https:\/\/praxis-a-la-gare.ch\/fr\/wp-json\/wp\/v2\/comments?post=3167"}],"version-history":[{"count":0,"href":"https:\/\/praxis-a-la-gare.ch\/fr\/wp-json\/wp\/v2\/pages\/3167\/revisions"}],"wp:attachment":[{"href":"https:\/\/praxis-a-la-gare.ch\/fr\/wp-json\/wp\/v2\/media?parent=3167"}],"curies":[{"name":"wp","href":"https:\/\/api.w.org\/{rel}","templated":true}]}}